{"id":16665,"date":"2022-12-16T22:39:49","date_gmt":"2022-12-16T21:39:49","guid":{"rendered":"https:\/\/pasqualefoglia.com\/blog\/?page_id=16665"},"modified":"2022-12-18T11:03:42","modified_gmt":"2022-12-18T10:03:42","slug":"pasquale-foglia-chi-sono","status":"publish","type":"page","link":"https:\/\/pasqualefoglia.com\/blog\/pasquale-foglia-chi-sono\/","title":{"rendered":"Pasquale Foglia: chi sono"},"content":{"rendered":"<h1><strong>CHI SONO?<\/strong><\/h1>\n<h2><strong>Pasquale Foglia, Montoro Inferiore, 25 luglio 1944.<\/strong><\/h2>\n<p>Mi sono laureato in Scienze Agrarie presso l&#8217;Universit\u00e0 Federico II di Napoli il 31 luglio del 1972.<\/p>\n<p>Dopo due anni d&#8217;insegnamento, nel 1974 fui assunto come Ufficiale nel Corpo Forestale dello Stato da cui mi sono congedato nel luglio 2006 con la qualifica di Vice Questore Aggiunto.<\/p>\n<p>La crescita personale \u00e8 stata sempre la mia passione. Il mio amore per la crescita personale \u00e8 nato dal fatto che sono stato un ragazzo molto timido. Fino all&#8217;et\u00e0 di 29 anni diventavo spesso rosso in viso, nonostante mi fossi laureato con 110 e avessi un ottimo impiego.<\/p>\n<p>Proprio il bisogno di vincere quest\u2019emozione terribile (che mi faceva sentire inferiore e mi paralizzava quando dovevo prendere la parola in pubblico), mi ha spinto a leggere tantissimi saggi di psicologia e le collane al completo di scrittori importanti, fino a diventare col passare degli anni, e senza volerlo, io stesso un esperto di crescita personale.<\/p>\n<p>L\u2019argomento che pi\u00f9 mi affascina \u00e8 la consapevolezza, essenziale per superare l\u2019impulsivit\u00e0 organica che ci sovrasta con gli impulsi e il pilota automatico causando auto sabotaggi e conflitti interiori.<\/p>\n<p>L\u2019impulsivit\u00e0 organica ci porta a vivere lontano dal presente, rendendoci succubi del passato che rappresenta la fucina dei pensieri negativi.<\/p>\n<p>Nel giugno 2014 ho conseguito il titolo di Life Coach presso la Scuola Prometeo Coaching di Pescara, ma non ho mai esercitato.<\/p>\n<p>Il contatto epistolare con i lettori pi\u00f9 affezionati e i commenti al blog mi gratificano e mi bastano.<\/p>\n<p>La mia maturazione come scrittore si \u00e8 accresciuta gradualmente nel tempo a partire dal mio primo libro del 2008 (La felicit\u00e0 a portata di mano), fino a raggiungere un livello molto elevato con la pubblicazione nel 2020 del saggio LE EMOZIONI SONO LA REAZIONE DEL CUORE AI NOSTRI PENSIERI e poi &#8220;VUOI LA FELICIT\u00c0? ECCOLA! nel 2022.<\/p>\n","protected":false},"excerpt":{"rendered":"<p>CHI SONO? Pasquale Foglia, Montoro Inferiore, 25 luglio 1944. Mi sono laureato in Scienze Agrarie presso l&#8217;Universit\u00e0 Federico II di Napoli il 31 luglio del 1972. Dopo due anni d&#8217;insegnamento, nel 1974 fui assunto come Ufficiale nel Corpo Forestale dello Stato da cui mi sono congedato nel luglio 2006 con la qualifica di Vice Questore &#8230; <a title=\"Pasquale Foglia: chi sono\" class=\"read-more\" href=\"https:\/\/pasqualefoglia.com\/blog\/pasquale-foglia-chi-sono\/\" aria-label=\"Per saperne di pi\u00f9 su Pasquale Foglia: chi sono\">Leggi tutto<\/a><\/p>\n","protected":false},"author":13,"featured_media":0,"parent":0,"menu_order":0,"comment_status":"closed","ping_status":"closed","template":"","meta":{"footnotes":""},"class_list":["post-16665","page","type-page","status-publish"],"yoast_head":"<!-- This site is optimized with the Yoast SEO plugin v27.4 - https:\/\/yoast.com\/product\/yoast-seo-wordpress\/ -->\n<title>CHI SONO?<\/title>\n<meta name=\"robots\" content=\"index, follow, max-snippet:-1, max-image-preview:large, max-video-preview:-1\" \/>\n<link rel=\"canonical\" href=\"https:\/\/pasqualefoglia.com\/blog\/pasquale-foglia-chi-sono\/\" \/>\n<meta property=\"og:locale\" content=\"it_IT\" \/>\n<meta property=\"og:type\" content=\"article\" \/>\n<meta property=\"og:title\" content=\"CHI SONO?\" \/>\n<meta property=\"og:description\" content=\"CHI SONO? Pasquale Foglia, Montoro Inferiore, 25 luglio 1944. Mi sono laureato in Scienze Agrarie presso l&#8217;Universit\u00e0 Federico II di Napoli il 31 luglio del 1972. Dopo due anni d&#8217;insegnamento, nel 1974 fui assunto come Ufficiale nel Corpo Forestale dello Stato da cui mi sono congedato nel luglio 2006 con la qualifica di Vice Questore ... Leggi tutto\" \/>\n<meta property=\"og:url\" content=\"https:\/\/pasqualefoglia.com\/blog\/pasquale-foglia-chi-sono\/\" \/>\n<meta property=\"og:site_name\" content=\"Dott. Pasquale Foglia - Scrittore Motivazionale\" \/>\n<meta property=\"article:publisher\" content=\"https:\/\/www.facebook.com\/pasquale.foglia.1944\" \/>\n<meta property=\"article:modified_time\" content=\"2022-12-18T10:03:42+00:00\" \/>\n<meta name=\"twitter:card\" content=\"summary_large_image\" \/>\n<meta name=\"twitter:site\" content=\"@pfoglia2\" \/>\n<meta name=\"twitter:label1\" content=\"Tempo di lettura stimato\" \/>\n\t<meta name=\"twitter:data1\" content=\"2 minuti\" \/>\n<script type=\"application\/ld+json\" class=\"yoast-schema-graph\">{\"@context\":\"https:\\\/\\\/schema.org\",\"@graph\":[{\"@type\":\"WebPage\",\"@id\":\"https:\\\/\\\/pasqualefoglia.com\\\/blog\\\/pasquale-foglia-chi-sono\\\/\",\"url\":\"https:\\\/\\\/pasqualefoglia.com\\\/blog\\\/pasquale-foglia-chi-sono\\\/\",\"name\":\"CHI SONO?\",\"isPartOf\":{\"@id\":\"https:\\\/\\\/pasqualefoglia.com\\\/blog\\\/#website\"},\"datePublished\":\"2022-12-16T21:39:49+00:00\",\"dateModified\":\"2022-12-18T10:03:42+00:00\",\"breadcrumb\":{\"@id\":\"https:\\\/\\\/pasqualefoglia.com\\\/blog\\\/pasquale-foglia-chi-sono\\\/#breadcrumb\"},\"inLanguage\":\"it-IT\",\"potentialAction\":[{\"@type\":\"ReadAction\",\"target\":[\"https:\\\/\\\/pasqualefoglia.com\\\/blog\\\/pasquale-foglia-chi-sono\\\/\"]}]},{\"@type\":\"BreadcrumbList\",\"@id\":\"https:\\\/\\\/pasqualefoglia.com\\\/blog\\\/pasquale-foglia-chi-sono\\\/#breadcrumb\",\"itemListElement\":[{\"@type\":\"ListItem\",\"position\":1,\"name\":\"Home\",\"item\":\"https:\\\/\\\/pasqualefoglia.com\\\/blog\\\/\"},{\"@type\":\"ListItem\",\"position\":2,\"name\":\"Pasquale Foglia: chi sono\"}]},{\"@type\":\"WebSite\",\"@id\":\"https:\\\/\\\/pasqualefoglia.com\\\/blog\\\/#website\",\"url\":\"https:\\\/\\\/pasqualefoglia.com\\\/blog\\\/\",\"name\":\"Dott. Pasquale Foglia - Scrittore Motivazionale\",\"description\":\"Specializzato nella Crescita Personale\",\"potentialAction\":[{\"@type\":\"SearchAction\",\"target\":{\"@type\":\"EntryPoint\",\"urlTemplate\":\"https:\\\/\\\/pasqualefoglia.com\\\/blog\\\/?s={search_term_string}\"},\"query-input\":{\"@type\":\"PropertyValueSpecification\",\"valueRequired\":true,\"valueName\":\"search_term_string\"}}],\"inLanguage\":\"it-IT\"}]}<\/script>\n<!-- \/ Yoast SEO plugin. -->","yoast_head_json":{"title":"CHI SONO?","robots":{"index":"index","follow":"follow","max-snippet":"max-snippet:-1","max-image-preview":"max-image-preview:large","max-video-preview":"max-video-preview:-1"},"canonical":"https:\/\/pasqualefoglia.com\/blog\/pasquale-foglia-chi-sono\/","og_locale":"it_IT","og_type":"article","og_title":"CHI SONO?","og_description":"CHI SONO? Pasquale Foglia, Montoro Inferiore, 25 luglio 1944. Mi sono laureato in Scienze Agrarie presso l&#8217;Universit\u00e0 Federico II di Napoli il 31 luglio del 1972. Dopo due anni d&#8217;insegnamento, nel 1974 fui assunto come Ufficiale nel Corpo Forestale dello Stato da cui mi sono congedato nel luglio 2006 con la qualifica di Vice Questore ... Leggi tutto","og_url":"https:\/\/pasqualefoglia.com\/blog\/pasquale-foglia-chi-sono\/","og_site_name":"Dott. Pasquale Foglia - Scrittore Motivazionale","article_publisher":"https:\/\/www.facebook.com\/pasquale.foglia.1944","article_modified_time":"2022-12-18T10:03:42+00:00","twitter_card":"summary_large_image","twitter_site":"@pfoglia2","twitter_misc":{"Tempo di lettura stimato":"2 minuti"},"schema":{"@context":"https:\/\/schema.org","@graph":[{"@type":"WebPage","@id":"https:\/\/pasqualefoglia.com\/blog\/pasquale-foglia-chi-sono\/","url":"https:\/\/pasqualefoglia.com\/blog\/pasquale-foglia-chi-sono\/","name":"CHI SONO?","isPartOf":{"@id":"https:\/\/pasqualefoglia.com\/blog\/#website"},"datePublished":"2022-12-16T21:39:49+00:00","dateModified":"2022-12-18T10:03:42+00:00","breadcrumb":{"@id":"https:\/\/pasqualefoglia.com\/blog\/pasquale-foglia-chi-sono\/#breadcrumb"},"inLanguage":"it-IT","potentialAction":[{"@type":"ReadAction","target":["https:\/\/pasqualefoglia.com\/blog\/pasquale-foglia-chi-sono\/"]}]},{"@type":"BreadcrumbList","@id":"https:\/\/pasqualefoglia.com\/blog\/pasquale-foglia-chi-sono\/#breadcrumb","itemListElement":[{"@type":"ListItem","position":1,"name":"Home","item":"https:\/\/pasqualefoglia.com\/blog\/"},{"@type":"ListItem","position":2,"name":"Pasquale Foglia: chi sono"}]},{"@type":"WebSite","@id":"https:\/\/pasqualefoglia.com\/blog\/#website","url":"https:\/\/pasqualefoglia.com\/blog\/","name":"Dott. Pasquale Foglia - Scrittore Motivazionale","description":"Specializzato nella Crescita Personale","potentialAction":[{"@type":"SearchAction","target":{"@type":"EntryPoint","urlTemplate":"https:\/\/pasqualefoglia.com\/blog\/?s={search_term_string}"},"query-input":{"@type":"PropertyValueSpecification","valueRequired":true,"valueName":"search_term_string"}}],"inLanguage":"it-IT"}]}},"jetpack_sharing_enabled":true,"_links":{"self":[{"href":"https:\/\/pasqualefoglia.com\/blog\/wp-json\/wp\/v2\/pages\/16665","targetHints":{"allow":["GET"]}}],"collection":[{"href":"https:\/\/pasqualefoglia.com\/blog\/wp-json\/wp\/v2\/pages"}],"about":[{"href":"https:\/\/pasqualefoglia.com\/blog\/wp-json\/wp\/v2\/types\/page"}],"author":[{"embeddable":true,"href":"https:\/\/pasqualefoglia.com\/blog\/wp-json\/wp\/v2\/users\/13"}],"replies":[{"embeddable":true,"href":"https:\/\/pasqualefoglia.com\/blog\/wp-json\/wp\/v2\/comments?post=16665"}],"version-history":[{"count":0,"href":"https:\/\/pasqualefoglia.com\/blog\/wp-json\/wp\/v2\/pages\/16665\/revisions"}],"wp:attachment":[{"href":"https:\/\/pasqualefoglia.com\/blog\/wp-json\/wp\/v2\/media?parent=16665"}],"curies":[{"name":"wp","href":"https:\/\/api.w.org\/{rel}","templated":true}]}}